{"id":10,"date":"2024-02-01T10:53:01","date_gmt":"2024-02-01T09:53:01","guid":{"rendered":"http:\/\/localhost\/WORDPRESS\/SIX\/?page_id=10"},"modified":"2024-02-05T16:22:38","modified_gmt":"2024-02-05T15:22:38","slug":"mentions-legales","status":"publish","type":"page","link":"https:\/\/six-conseil.fr\/?page_id=10","title":{"rendered":"Mentions l\u00e9gales"},"content":{"rendered":"\n<h2 class=\"wp-block-heading\">\u00c9diteur<\/h2>\n\n\n\n<p>SIX conseil &#8211; Christine Mercier <\/p>\n\n\n\n<h2 class=\"wp-block-heading\">Directeur de publication<\/h2>\n\n\n\n<p>Christine Mercier<\/p>\n\n\n\n<h2 class=\"wp-block-heading\">R\u00e9alisation<\/h2>\n\n\n\n<p>Agence Kal\u00e9lia<br>3, All\u00e9e Susan Brownell Anthony<br>44200 Nantes<\/p>\n\n\n\n<h2 class=\"wp-block-heading\">H\u00e9bergement<\/h2>\n\n\n\n<p>M\u00e9dialibs<br>2 rue Marie Curie <br>44120 Vertou<\/p>\n\n\n\n<p>Tout lien avec ce Site Web doit faire pr\u00e9alablement l\u2019objet d\u2019une information adress\u00e9e par e-mail, Six se r\u00e9servant le droit d\u2019exiger la suppression de ce lien. Ce Site Web constitue une \u0153uvre prot\u00e9g\u00e9e en France par le Code le Propri\u00e9t\u00e9 Intellectuelle, et \u00e0 l\u2019\u00e9tranger par les conventions internationales en vigueur sur le droit d\u2019auteur. La violation de l\u2019un des droits d\u2019auteur de l\u2019\u0153uvre est un d\u00e9lit de contrefa\u00e7on passible, aux termes de l\u2019article L.335-2 du Code de la Propri\u00e9t\u00e9 Intellectuelle, de 2 ans d\u2019emprisonnement et de 152 450 \u20ac d\u2019amende.<\/p>\n","protected":false},"excerpt":{"rendered":"<p>\u00c9diteur SIX conseil &#8211; Christine Mercier Directeur de publication Christine Mercier R\u00e9alisation&#8230; <br \/><a class=\"readmore\" href=\"https:\/\/six-conseil.fr\/?page_id=10\">Lire la suite<\/a><\/p>\n","protected":false},"author":1,"featured_media":0,"parent":0,"menu_order":0,"comment_status":"closed","ping_status":"closed","template":"","meta":{"footnotes":""},"class_list":["post-10","page","type-page","status-publish","hentry"],"_links":{"self":[{"href":"https:\/\/six-conseil.fr\/index.php?rest_route=\/wp\/v2\/pages\/10","targetHints":{"allow":["GET"]}}],"collection":[{"href":"https:\/\/six-conseil.fr\/index.php?rest_route=\/wp\/v2\/pages"}],"about":[{"href":"https:\/\/six-conseil.fr\/index.php?rest_route=\/wp\/v2\/types\/page"}],"author":[{"embeddable":true,"href":"https:\/\/six-conseil.fr\/index.php?rest_route=\/wp\/v2\/users\/1"}],"replies":[{"embeddable":true,"href":"https:\/\/six-conseil.fr\/index.php?rest_route=%2Fwp%2Fv2%2Fcomments&post=10"}],"version-history":[{"count":3,"href":"https:\/\/six-conseil.fr\/index.php?rest_route=\/wp\/v2\/pages\/10\/revisions"}],"predecessor-version":[{"id":134,"href":"https:\/\/six-conseil.fr\/index.php?rest_route=\/wp\/v2\/pages\/10\/revisions\/134"}],"wp:attachment":[{"href":"https:\/\/six-conseil.fr\/index.php?rest_route=%2Fwp%2Fv2%2Fmedia&parent=10"}],"curies":[{"name":"wp","href":"https:\/\/api.w.org\/{rel}","templated":true}]}}