{"id":193,"date":"2024-02-06T16:06:32","date_gmt":"2024-02-06T15:06:32","guid":{"rendered":"https:\/\/six-conseil.fr\/?page_id=193"},"modified":"2025-09-15T23:34:40","modified_gmt":"2025-09-15T21:34:40","slug":"a-propos","status":"publish","type":"page","link":"https:\/\/six-conseil.fr\/?page_id=193","title":{"rendered":"A propos"},"content":{"rendered":"\n<h2 class=\"wp-block-heading\"><strong><mark style=\"background-color:rgba(0, 0, 0, 0)\" class=\"has-inline-color has-pale-cyan-blue-color\">MAIS AU FAIT, POURQUOI SIX ?<\/mark><\/strong><\/h2>\n\n\n\n<p><\/p>\n\n\n\n<blockquote class=\"wp-block-quote is-layout-flow wp-block-quote-is-layout-flow\">\n<p><img loading=\"lazy\" decoding=\"async\" width=\"150\" height=\"150\" class=\"wp-image-271\" style=\"width: 150px;\" src=\"https:\/\/six-conseil.fr\/wp-content\/uploads\/2024\/10\/photos-rondes-Christine.png\" alt=\"\" srcset=\"https:\/\/six-conseil.fr\/wp-content\/uploads\/2024\/10\/photos-rondes-Christine.png 600w, https:\/\/six-conseil.fr\/wp-content\/uploads\/2024\/10\/photos-rondes-Christine-300x300.png 300w, https:\/\/six-conseil.fr\/wp-content\/uploads\/2024\/10\/photos-rondes-Christine-150x150.png 150w\" sizes=\"auto, (max-width: 150px) 100vw, 150px\" \/>Bienvenue ! je suis Christine Mercier et j&rsquo;<mark style=\"background-color:#ffffff\" class=\"has-inline-color\">ai cr\u00e9<\/mark><mark style=\"background-color:rgba(0, 0, 0, 0)\" class=\"has-inline-color has-black-color\">\u00e9 <strong>SIX conseil<\/strong> en <\/mark><mark style=\"background-color:#ffffff\" class=\"has-inline-color\">2024, <\/mark>une jeune soci\u00e9t\u00e9 innovante dans le domaine de l&rsquo;IT et du management. <\/p>\n\n\n\n<p>J&rsquo;ai travaill\u00e9 20 ans au service de PME et ETI de tous secteurs d\u2019activit\u00e9, dont 8 ans \u00e0 la direction marketing de services num\u00e9riques, et 5 ans \u00e0 la direction d\u2019entreprises de vente de solutions collaboratives et de conseil en management. <\/p>\n\n\n\n<p>Je suis intervenante Medef, ADN Ouest, Digital Change, Ordre des experts comptables\u2026sur les sujets d\u2019accompagnement aux usages num\u00e9riques en entreprise et du marketing de la DSI. Je suis \u00e9galement animatrice de la <a href=\"https:\/\/lafresquedelia.com\/\" data-type=\"link\" data-id=\"https:\/\/lafresquedelia.com\/\">Fresque de l&rsquo;IA<\/a>\u00ae et des commissions IA et Intelligence collective du CJD Nantes.<\/p>\n<\/blockquote>\n\n\n\n<p>C&rsquo;est de mon parcours dans la transformation digitale qu&rsquo;a \u00e9merg\u00e9 la proposition de valeur de SIX&#8230;<\/p>\n\n\n\n<p>Convaincue que le digital est un formidable outil pour lib\u00e9rer la valeur de chaque collaborateur et la performance de l&rsquo;entreprise, j&rsquo;ai toujours \u00e9t\u00e9 surprise par le fait<mark style=\"background-color:rgba(0, 0, 0, 0)\" class=\"has-inline-color has-black-color\"> que <strong>l&rsquo;exp\u00e9rience num\u00e9rique est v\u00e9cue comme un important irritant au travail. <\/strong><\/mark><\/p>\n\n\n\n<p>Les sources identifi\u00e9es de cette mauvaise exp\u00e9rience \u00e9tait toujours la<mark style=\"background-color:rgba(0, 0, 0, 0)\" class=\"has-inline-color has-black-color\"> m\u00eame :<strong> manque de sens et de compr\u00e9hension mutuelle entre IT et m\u00e9tiers.<\/strong><\/mark><\/p>\n\n\n\n<p><mark style=\"background-color:rgba(0, 0, 0, 0)\" class=\"has-inline-color has-black-color\"><strong>C&rsquo;est donc ainsi qu&rsquo;est n\u00e9e SIX : SI pour Services Informatiques, X pour eXp\u00e9rience.<\/strong> <\/mark><\/p>\n\n\n\n<p><mark style=\"background-color:#ffffff\" class=\"has-inline-color\">Avec une \u00e9quipe de partenaires, j&rsquo;ai \u00e0 c\u0153u<\/mark><mark style=\"background-color:rgba(0, 0, 0, 0)\" class=\"has-inline-color has-black-color\">r d<strong>&lsquo;accompagner DSI, dirigeants et DRH \u00e0 r\u00e9inventer l&rsquo;exp\u00e9rience v\u00e9cue des projets IT.  <\/strong><\/mark><\/p>\n\n\n\n<p>Le 6 est aussi le symbole de l&rsquo;harmonie, l&rsquo;objectif de r\u00e9sultat de nos missions de conseil et l&rsquo;une de nos valeurs avec l&rsquo;utilit\u00e9, l&rsquo;exigence, l&rsquo;optimisme.<\/p>\n\n\n\n<p>La raison d&rsquo;\u00eatre de SIX : OEUVRER A L&rsquo;EPANOUISSEMENT DES COLLABORATEURS ET DES ENTREPRISES GRACE AU NUMERIQUE.<\/p>\n\n\n\n<p>Je vous dis donc \u00e0 tr\u00e8s vite pour une prochaine collaboration !<\/p>\n","protected":false},"excerpt":{"rendered":"<p>MAIS AU FAIT, POURQUOI SIX ? Bienvenue ! je suis Christine Mercier&#8230; <br \/><a class=\"readmore\" href=\"https:\/\/six-conseil.fr\/?page_id=193\">Lire la suite<\/a><\/p>\n","protected":false},"author":2,"featured_media":0,"parent":0,"menu_order":0,"comment_status":"closed","ping_status":"closed","template":"","meta":{"footnotes":""},"class_list":["post-193","page","type-page","status-publish","hentry"],"_links":{"self":[{"href":"https:\/\/six-conseil.fr\/index.php?rest_route=\/wp\/v2\/pages\/193","targetHints":{"allow":["GET"]}}],"collection":[{"href":"https:\/\/six-conseil.fr\/index.php?rest_route=\/wp\/v2\/pages"}],"about":[{"href":"https:\/\/six-conseil.fr\/index.php?rest_route=\/wp\/v2\/types\/page"}],"author":[{"embeddable":true,"href":"https:\/\/six-conseil.fr\/index.php?rest_route=\/wp\/v2\/users\/2"}],"replies":[{"embeddable":true,"href":"https:\/\/six-conseil.fr\/index.php?rest_route=%2Fwp%2Fv2%2Fcomments&post=193"}],"version-history":[{"count":26,"href":"https:\/\/six-conseil.fr\/index.php?rest_route=\/wp\/v2\/pages\/193\/revisions"}],"predecessor-version":[{"id":297,"href":"https:\/\/six-conseil.fr\/index.php?rest_route=\/wp\/v2\/pages\/193\/revisions\/297"}],"wp:attachment":[{"href":"https:\/\/six-conseil.fr\/index.php?rest_route=%2Fwp%2Fv2%2Fmedia&parent=193"}],"curies":[{"name":"wp","href":"https:\/\/api.w.org\/{rel}","templated":true}]}}